{"id":49,"date":"2014-01-30T08:16:31","date_gmt":"2014-01-30T08:16:31","guid":{"rendered":"https:\/\/innig-koellner.de\/?page_id=49"},"modified":"2021-09-29T07:17:19","modified_gmt":"2021-09-29T07:17:19","slug":"kontakt","status":"publish","type":"page","link":"https:\/\/innig-koellner.de\/?page_id=49","title":{"rendered":"Kontakt &#038; Impressum"},"content":{"rendered":"<div class=\"two-columns-one\">\n<p><span style=\"color: #336699;\"><strong>Innig-K\u00f6llner<\/strong><\/span><\/p>\n<p>Inhaber Marcel K\u00f6llner<br \/>\nBeuthener Str. 6a<br \/>\n45966 Gladbeck<\/p>\n<p>Tel.: 02043 3785327\/28<br \/>\nFax: 02043 3785329<br \/>\nMobil: 0151 18409458<br \/>\nE-mail: <a href=\"mailto:info@innig-koellner.de\">info@innig-koellner.de<\/a><br \/>\nInternet: www.innig-koellner.de<\/p>\n<p><span style=\"color: #336699;\"><strong>Anfahrt &#8211; Ihr Weg zu uns<\/strong><\/span><\/p>\n<p><iframe loading=\"lazy\" style=\"border: 0;\" src=\"https:\/\/www.google.com\/maps\/embed?pb=!1m14!1m8!1m3!1d9918.034595320716!2d6.9575467!3d51.5772405!3m2!1i1024!2i768!4f13.1!3m3!1m2!1s0x0%3A0x46806722cf886ee4!2sInnig-K%C3%B6llner!5e0!3m2!1sde!2sde!4v1527101166072\" allowfullscreen=\"allowfullscreen\" width=\"360\" height=\"420\" frameborder=\"0\"><\/iframe><br \/>\n<\/div>\n<div class=\"two-columns-one last\">\n\n<div class=\"wpcf7 no-js\" id=\"wpcf7-f66-o1\" lang=\"de-DE\" dir=\"ltr\" data-wpcf7-id=\"66\">\n<div class=\"screen-reader-response\"><p role=\"status\" aria-live=\"polite\" aria-atomic=\"true\"><\/p> <ul><\/ul><\/div>\n<form action=\"\/index.php?rest_route=%2Fwp%2Fv2%2Fpages%2F49#wpcf7-f66-o1\" method=\"post\" class=\"wpcf7-form init\" aria-label=\"Kontaktformular\" novalidate=\"novalidate\" data-status=\"init\">\n<fieldset class=\"hidden-fields-container\"><input type=\"hidden\" name=\"_wpcf7\" value=\"66\" \/><input type=\"hidden\" name=\"_wpcf7_version\" value=\"6.1.5\" \/><input type=\"hidden\" name=\"_wpcf7_locale\" value=\"de_DE\" \/><input type=\"hidden\" name=\"_wpcf7_unit_tag\" value=\"wpcf7-f66-o1\" \/><input type=\"hidden\" name=\"_wpcf7_container_post\" value=\"0\" \/><input type=\"hidden\" name=\"_wpcf7_posted_data_hash\" value=\"\" \/>\n<\/fieldset>\n<p>Ich w\u00fcnsche weitere Informationen zu folgenden Themen:\n<\/p>\n<p><span class=\"wpcf7-form-control-wrap\" data-name=\"radio-246\"><span class=\"wpcf7-form-control wpcf7-radio\"><span class=\"wpcf7-list-item first last\"><input type=\"radio\" name=\"radio-246\" value=\"Fliesenverlegung\" \/><span class=\"wpcf7-list-item-label\">Fliesenverlegung<\/span><\/span><\/span><\/span><br \/>\n<span class=\"wpcf7-form-control-wrap\" data-name=\"radio-819\"><span class=\"wpcf7-form-control wpcf7-radio\"><span class=\"wpcf7-list-item first last\"><input type=\"radio\" name=\"radio-819\" value=\"Hausverwaltung\" \/><span class=\"wpcf7-list-item-label\">Hausverwaltung<\/span><\/span><\/span><\/span><br \/>\n<span class=\"wpcf7-form-control-wrap\" data-name=\"radio-760\"><span class=\"wpcf7-form-control wpcf7-radio\"><span class=\"wpcf7-list-item first last\"><input type=\"radio\" name=\"radio-760\" value=\"Altbausanierung\/ -Renovierung\" \/><span class=\"wpcf7-list-item-label\">Altbausanierung\/ -Renovierung<\/span><\/span><\/span><\/span><br \/>\n<span class=\"wpcf7-form-control-wrap\" data-name=\"radio-255\"><span class=\"wpcf7-form-control wpcf7-radio\"><span class=\"wpcf7-list-item first last\"><input type=\"radio\" name=\"radio-255\" value=\"Fassadenreinigung\" \/><span class=\"wpcf7-list-item-label\">Fassadenreinigung<\/span><\/span><\/span><\/span><br \/>\n<span class=\"wpcf7-form-control-wrap\" data-name=\"radio-269\"><span class=\"wpcf7-form-control wpcf7-radio\"><span class=\"wpcf7-list-item first last\"><input type=\"radio\" name=\"radio-269\" value=\"Graffiti-Entfernung\" \/><span class=\"wpcf7-list-item-label\">Graffiti-Entfernung<\/span><\/span><\/span><\/span>\n<\/p>\n<p>Ihr Name (Pflichtfeld)\n<\/p>\n<p><span class=\"wpcf7-form-control-wrap\" data-name=\"your-name\"><input size=\"40\" maxlength=\"400\" class=\"wpcf7-form-control wpcf7-text wpcf7-validates-as-required\" aria-required=\"true\" aria-invalid=\"false\" value=\"\" type=\"text\" name=\"your-name\" \/><\/span>\n<\/p>\n<p>Ihre E-Mail-Adresse (Pflichtfeld)\n<\/p>\n<p><span class=\"wpcf7-form-control-wrap\" data-name=\"your-email\"><input size=\"40\" maxlength=\"400\" class=\"wpcf7-form-control wpcf7-email wpcf7-validates-as-required wpcf7-text wpcf7-validates-as-email\" aria-required=\"true\" aria-invalid=\"false\" value=\"\" type=\"email\" name=\"your-email\" \/><\/span>\n<\/p>\n<p>Firma\n<\/p>\n<p><span class=\"wpcf7-form-control-wrap\" data-name=\"text-621\"><input size=\"40\" maxlength=\"400\" class=\"wpcf7-form-control wpcf7-text\" aria-invalid=\"false\" value=\"\" type=\"text\" name=\"text-621\" \/><\/span>\n<\/p>\n<p>Stra\u00dfe\n<\/p>\n<p><span class=\"wpcf7-form-control-wrap\" data-name=\"text-737\"><input size=\"40\" maxlength=\"400\" class=\"wpcf7-form-control wpcf7-text\" aria-invalid=\"false\" value=\"\" type=\"text\" name=\"text-737\" \/><\/span>\n<\/p>\n<p>PLZ\/Ort\n<\/p>\n<p><span class=\"wpcf7-form-control-wrap\" data-name=\"text-507\"><input size=\"40\" maxlength=\"400\" class=\"wpcf7-form-control wpcf7-text\" aria-invalid=\"false\" value=\"\" type=\"text\" name=\"text-507\" \/><\/span>\n<\/p>\n<p>Ihre Nachricht\n<\/p>\n<p><span class=\"wpcf7-form-control-wrap\" data-name=\"your-message\"><textarea cols=\"40\" rows=\"10\" maxlength=\"2000\" class=\"wpcf7-form-control wpcf7-textarea\" aria-invalid=\"false\" name=\"your-message\"><\/textarea><\/span>\n<\/p>\n<p><input class=\"wpcf7-form-control wpcf7-submit has-spinner\" type=\"submit\" value=\"Senden\" \/>\n<\/p><div class=\"wpcf7-response-output\" aria-hidden=\"true\"><\/div>\n<\/form>\n<\/div>\n\n<\/div>\n<div class=\"divider\"><\/div>\n<h2>Impressum<\/h2>\n<div class=\"two-columns-one\">\n<p><strong>Innig-K\u00f6llner<\/strong><br \/>\nInhaber Marcel K\u00f6llner<br \/>\nBeuthener Str. 6a<br \/>\n45966 Gladbeck<br \/>\n<\/div>\n<div class=\"two-columns-one last\">\n<p>Steuernummer: 359\/5212\/6040<br \/>\nFinanzamt Marl<\/p>\n<p>Konzept, Design &amp; Realisierung: <a href=\"http:\/\/www.atento-design.de\" target=\"_blank\" rel=\"noopener noreferrer\">atento-design.de<\/a><br \/>\n<\/div><br \/>\n<div class=\"divider\"><\/div><\/p>\n<p><strong>Haftungshinweis:<\/strong> Trotz sorgf\u00e4ltiger Kontrolle \u00fcbernehmen wir keine Haftung f\u00fcr die Inhalte externer Links.<br \/>\nF\u00fcr den Inhalt der verlinkten Seiten sind ausschliesslich deren Betreiber verantwortlich.<\/p>\n<p><strong>Copyright:<\/strong> Das Layout der Homepage sowie die verwendeten Grafiken und Bilder sind urheberrechtlich<br \/>\ngesch\u00fctzt. Jede Art von Vervielf\u00e4ltigung und Verbreitung, auch teilweise, ist nur mit ausdr\u00fccklicher<br \/>\nGenehmigung des Inhabers gestattet.<\/p>\n","protected":false},"excerpt":{"rendered":"<p>Impressum Haftungshinweis: Trotz sorgf\u00e4ltiger Kontrolle \u00fcbernehmen wir keine Haftung f\u00fcr die Inhalte externer Links. F\u00fcr den Inhalt der verlinkten Seiten sind ausschliesslich deren Betreiber verantwortlich. Copyright: Das Layout der Homepage (&hellip;) <a href=\"https:\/\/innig-koellner.de\/?page_id=49\">Weiterlesen<\/a><\/p>\n","protected":false},"author":1,"featured_media":0,"parent":0,"menu_order":6,"comment_status":"closed","ping_status":"closed","template":"page-templates\/left-sidebar.php","meta":{"footnotes":""},"class_list":["post-49","page","type-page","status-publish","hentry"],"_links":{"self":[{"href":"https:\/\/innig-koellner.de\/index.php?rest_route=\/wp\/v2\/pages\/49","targetHints":{"allow":["GET"]}}],"collection":[{"href":"https:\/\/innig-koellner.de\/index.php?rest_route=\/wp\/v2\/pages"}],"about":[{"href":"https:\/\/innig-koellner.de\/index.php?rest_route=\/wp\/v2\/types\/page"}],"author":[{"embeddable":true,"href":"https:\/\/innig-koellner.de\/index.php?rest_route=\/wp\/v2\/users\/1"}],"replies":[{"embeddable":true,"href":"https:\/\/innig-koellner.de\/index.php?rest_route=%2Fwp%2Fv2%2Fcomments&post=49"}],"version-history":[{"count":57,"href":"https:\/\/innig-koellner.de\/index.php?rest_route=\/wp\/v2\/pages\/49\/revisions"}],"predecessor-version":[{"id":504,"href":"https:\/\/innig-koellner.de\/index.php?rest_route=\/wp\/v2\/pages\/49\/revisions\/504"}],"wp:attachment":[{"href":"https:\/\/innig-koellner.de\/index.php?rest_route=%2Fwp%2Fv2%2Fmedia&parent=49"}],"curies":[{"name":"wp","href":"https:\/\/api.w.org\/{rel}","templated":true}]}}