{"id":45,"date":"2014-01-30T08:14:31","date_gmt":"2014-01-30T08:14:31","guid":{"rendered":"https:\/\/innig-koellner.de\/?page_id=45"},"modified":"2014-08-07T17:23:25","modified_gmt":"2014-08-07T17:23:25","slug":"fassadenreinigung","status":"publish","type":"page","link":"https:\/\/innig-koellner.de\/?page_id=45","title":{"rendered":"Fassadenreinigung &#038; Oberfl\u00e4chenreinigung"},"content":{"rendered":"<p>Ist die Fassade Ihres Eigentums verwittert, mit Graffiti beschmiert oder auf andere Weise verunreinigt?<br \/>\nDank unserers Mikro-Sandstrahlverfahrens sieht Ihre Fassade innerhalb k\u00fcrzester Zeit wieder fast wie neu aus und das Geb\u00e4ude gewinnt an Wertigkeit.<br \/>\nIn den meisten F\u00e4llen ist es uns m\u00f6glich eine Fassade bzw. diverse Oberfl\u00e4chen umweltschonend, somit ohne jegliche Chemie oder Wasser, zu reinigen.<br \/>\nSelbstverst\u00e4ndlich k\u00fcmmern wir uns auch um die n\u00f6tigen Arbeitshilfen, wie z. B. Ger\u00fcst- oder Hubsteiger.<\/p>\n<div class=\"two-columns-one\">\n<video width=\"300\" height=\"150\" style=\"width: 100%; max-width: 320px;\" preload=\"auto\" controls=\"controls\"><source src=\"https:\/\/innig-koellner.de\/video\/Fassadenreinigung_x264.mp4\" type=\"video\/mp4\" \/><source src=\"https:\/\/innig-koellner.de\/video\/Fassadenreinigung_VP8.webm\" type=\"video\/webm\" \/><object type=\"application\/x-shockwave-flash\" data=\"http:\/\/releases.flowplayer.org\/swf\/flowplayer-3.2.1.swf\" width=\"320\" height=\"240\"><param name=\"movie\" value=\"http:\/\/releases.flowplayer.org\/swf\/flowplayer-3.2.1.swf\" \/><param name=\"allowFullScreen\" value=\"true\" \/><param name=\"wmode\" value=\"transparent\" \/><param name=\"flashVars\" value=\"config={'playlist':[{'url':'https%3A%2F%2Finnig-koellner.de%2Fvideo%2FFassadenreinigung_x264.mp4','autoPlay':false}]}\" \/><span title=\"Das Video kann leider nicht angezeigt werden, bitte laden Sie es herunter\">Video Fassadenreinigung<strong>Download Video:<\/strong> <a href=\"https:\/\/innig-koellner.de\/video\/Fassadenreinigung_x264.mp4\">MP4 format<\/a> | <a href=\"https:\/\/innig-koellner.de\/video\/Fassadenreinigung_VP8.webm\">WebM format<\/a><\/span><\/object><\/video><br \/>\n<i>Video Fassadenreinigung<\/i><br \/>\n<\/div>\n<div class=\"two-columns-one last\">\n<video width=\"300\" height=\"150\" style=\"width: 100%; max-width: 320px;\" preload=\"auto\" controls=\"controls\"><source src=\"https:\/\/innig-koellner.de\/video\/Oberflaechenreinigung_x264.mp4\" type=\"video\/mp4\" \/><source src=\"https:\/\/innig-koellner.de\/video\/Oberflaechenreinigung_VP8.webm\" type=\"video\/webm\" \/><object type=\"application\/x-shockwave-flash\" data=\"http:\/\/releases.flowplayer.org\/swf\/flowplayer-3.2.1.swf\" width=\"320\" height=\"240\"><param name=\"movie\" value=\"http:\/\/releases.flowplayer.org\/swf\/flowplayer-3.2.1.swf\" \/><param name=\"allowFullScreen\" value=\"true\" \/><param name=\"wmode\" value=\"transparent\" \/><param name=\"flashVars\" value=\"config={'playlist':[{'url':'https%3A%2F%2Finnig-koellner.de%2Fvideo%2FOberflaechenreinigung_x264.mp4','autoPlay':false}]}\" \/><span title=\"Das Video kann leider nicht angezeigt werden, bitte laden Sie es herunter\">Video Oberfl\u00e4chenreinigung<strong>Download Video:<\/strong> <a href=\"https:\/\/innig-koellner.de\/video\/Oberflaechenreinigung_x264.mp4\">MP4 format<\/a> | <a href=\"https:\/\/innig-koellner.de\/video\/Oberflaechenreinigung_VP8.webm\">WebM format<\/a><\/span><\/object><\/video><br \/>\n<i>Video Oberfl\u00e4chenreinigung<\/i><br \/>\n<\/div>\n<div class=\"divider\"><\/div>\n<p>Auf Wunsch erstellen wir Ihnen gerne zun\u00e4chst eine <a title=\"zum Video: kostenlose Probefl\u00e4che\" href=\"https:\/\/innig-koellner.de\/graffiti-entfernung\/\">kostenlose Probefl\u00e4che<\/a> &#8211; noch vor der Auftragserteilung!<\/p>\n\r\n<div class='gallery'><dl class='gallery-item'>\n\t\t\t<dt class='gallery-icon landscape'>\n\t\t\t\t<a href='https:\/\/innig-koellner.de\/?attachment_id=98'><img loading=\"lazy\" decoding=\"async\" width=\"150\" height=\"150\" src=\"https:\/\/innig-koellner.de\/wp-content\/uploads\/2014\/01\/Reinigung01-150x150.jpg\" class=\"attachment-thumbnail size-thumbnail\" alt=\"Klinker Fassadenreinigung\" aria-describedby=\"gallery-1-98\" \/><\/a>\n\t\t\t<\/dt>\n\t\t\t\t<dd class='wp-caption-text gallery-caption' id='gallery-1-98'>\n\t\t\t\tKlinker Fassadenreinigung\n\t\t\t\t<\/dd><\/dl><dl class='gallery-item'>\n\t\t\t<dt class='gallery-icon landscape'>\n\t\t\t\t<a href='https:\/\/innig-koellner.de\/?attachment_id=99'><img loading=\"lazy\" decoding=\"async\" width=\"150\" height=\"150\" src=\"https:\/\/innig-koellner.de\/wp-content\/uploads\/2014\/01\/Reinigung02-150x150.jpg\" class=\"attachment-thumbnail size-thumbnail\" alt=\"Klinker Fassadenreinigung\" aria-describedby=\"gallery-1-99\" \/><\/a>\n\t\t\t<\/dt>\n\t\t\t\t<dd class='wp-caption-text gallery-caption' id='gallery-1-99'>\n\t\t\t\tKlinker Fassadenreinigung\n\t\t\t\t<\/dd><\/dl><dl class='gallery-item'>\n\t\t\t<dt class='gallery-icon landscape'>\n\t\t\t\t<a href='https:\/\/innig-koellner.de\/?attachment_id=100'><img loading=\"lazy\" decoding=\"async\" width=\"150\" height=\"150\" src=\"https:\/\/innig-koellner.de\/wp-content\/uploads\/2014\/01\/Reinigung03-150x150.jpg\" class=\"attachment-thumbnail size-thumbnail\" alt=\"Klinker Fassadenreinigung\" aria-describedby=\"gallery-1-100\" \/><\/a>\n\t\t\t<\/dt>\n\t\t\t\t<dd class='wp-caption-text gallery-caption' id='gallery-1-100'>\n\t\t\t\tKlinker Fassadenreinigung\n\t\t\t\t<\/dd><\/dl><br style=\"clear: both\" \/><dl class='gallery-item'>\n\t\t\t<dt class='gallery-icon landscape'>\n\t\t\t\t<a href='https:\/\/innig-koellner.de\/?attachment_id=101'><img loading=\"lazy\" decoding=\"async\" width=\"150\" height=\"150\" src=\"https:\/\/innig-koellner.de\/wp-content\/uploads\/2014\/01\/Reinigung04-150x150.jpg\" class=\"attachment-thumbnail size-thumbnail\" alt=\"\u00d6lfleckenbeseitigung Garage\" aria-describedby=\"gallery-1-101\" \/><\/a>\n\t\t\t<\/dt>\n\t\t\t\t<dd class='wp-caption-text gallery-caption' id='gallery-1-101'>\n\t\t\t\t\u00d6lfleckenbeseitigung Garage\n\t\t\t\t<\/dd><\/dl><dl class='gallery-item'>\n\t\t\t<dt class='gallery-icon landscape'>\n\t\t\t\t<a href='https:\/\/innig-koellner.de\/?attachment_id=102'><img loading=\"lazy\" decoding=\"async\" width=\"150\" height=\"150\" src=\"https:\/\/innig-koellner.de\/wp-content\/uploads\/2014\/01\/Reinigung05-150x150.jpg\" class=\"attachment-thumbnail size-thumbnail\" alt=\"\u00d6lfleckenbeseitigung Garage\" aria-describedby=\"gallery-1-102\" \/><\/a>\n\t\t\t<\/dt>\n\t\t\t\t<dd class='wp-caption-text gallery-caption' id='gallery-1-102'>\n\t\t\t\t\u00d6lfleckenbeseitigung Garage\n\t\t\t\t<\/dd><\/dl><dl class='gallery-item'>\n\t\t\t<dt class='gallery-icon landscape'>\n\t\t\t\t<a href='https:\/\/innig-koellner.de\/?attachment_id=103'><img loading=\"lazy\" decoding=\"async\" width=\"150\" height=\"150\" src=\"https:\/\/innig-koellner.de\/wp-content\/uploads\/2014\/01\/Reinigung06-150x150.jpg\" class=\"attachment-thumbnail size-thumbnail\" alt=\"\u00d6lfleckenbeseitigung Garage\" aria-describedby=\"gallery-1-103\" \/><\/a>\n\t\t\t<\/dt>\n\t\t\t\t<dd class='wp-caption-text gallery-caption' id='gallery-1-103'>\n\t\t\t\t\u00d6lfleckenbeseitigung Garage\n\t\t\t\t<\/dd><\/dl><br style=\"clear: both\" \/><dl class='gallery-item'>\n\t\t\t<dt class='gallery-icon landscape'>\n\t\t\t\t<a href='https:\/\/innig-koellner.de\/?attachment_id=104'><img loading=\"lazy\" decoding=\"async\" width=\"150\" height=\"150\" src=\"https:\/\/innig-koellner.de\/wp-content\/uploads\/2014\/01\/Reinigung07-150x150.jpg\" class=\"attachment-thumbnail size-thumbnail\" alt=\"Parkfl\u00e4chenreinigung\" aria-describedby=\"gallery-1-104\" \/><\/a>\n\t\t\t<\/dt>\n\t\t\t\t<dd class='wp-caption-text gallery-caption' id='gallery-1-104'>\n\t\t\t\tParkfl\u00e4chenreinigung\n\t\t\t\t<\/dd><\/dl><dl class='gallery-item'>\n\t\t\t<dt class='gallery-icon landscape'>\n\t\t\t\t<a href='https:\/\/innig-koellner.de\/?attachment_id=105'><img loading=\"lazy\" decoding=\"async\" width=\"150\" height=\"150\" src=\"https:\/\/innig-koellner.de\/wp-content\/uploads\/2014\/01\/Reinigung08-150x150.jpg\" class=\"attachment-thumbnail size-thumbnail\" alt=\"Parkfl\u00e4chenreinigung\" aria-describedby=\"gallery-1-105\" \/><\/a>\n\t\t\t<\/dt>\n\t\t\t\t<dd class='wp-caption-text gallery-caption' id='gallery-1-105'>\n\t\t\t\tParkfl\u00e4chenreinigung\n\t\t\t\t<\/dd><\/dl><dl class='gallery-item'>\n\t\t\t<dt class='gallery-icon landscape'>\n\t\t\t\t<a href='https:\/\/innig-koellner.de\/?attachment_id=106'><img loading=\"lazy\" decoding=\"async\" width=\"150\" height=\"150\" src=\"https:\/\/innig-koellner.de\/wp-content\/uploads\/2014\/01\/Reinigung09-150x150.jpg\" class=\"attachment-thumbnail size-thumbnail\" alt=\"Parkfl\u00e4chenreinigung\" aria-describedby=\"gallery-1-106\" \/><\/a>\n\t\t\t<\/dt>\n\t\t\t\t<dd class='wp-caption-text gallery-caption' id='gallery-1-106'>\n\t\t\t\tParkfl\u00e4chenreinigung\n\t\t\t\t<\/dd><\/dl><br style=\"clear: both\" \/><dl class='gallery-item'>\n\t\t\t<dt class='gallery-icon landscape'>\n\t\t\t\t<a href='https:\/\/innig-koellner.de\/?attachment_id=107'><img loading=\"lazy\" decoding=\"async\" width=\"150\" height=\"150\" src=\"https:\/\/innig-koellner.de\/wp-content\/uploads\/2014\/01\/Reinigung10-150x150.jpg\" class=\"attachment-thumbnail size-thumbnail\" alt=\"Parkfl\u00e4chenreinigung\" aria-describedby=\"gallery-1-107\" \/><\/a>\n\t\t\t<\/dt>\n\t\t\t\t<dd class='wp-caption-text gallery-caption' id='gallery-1-107'>\n\t\t\t\tParkfl\u00e4chenreinigung\n\t\t\t\t<\/dd><\/dl><dl class='gallery-item'>\n\t\t\t<dt class='gallery-icon landscape'>\n\t\t\t\t<a href='https:\/\/innig-koellner.de\/?attachment_id=108'><img loading=\"lazy\" decoding=\"async\" width=\"150\" height=\"150\" src=\"https:\/\/innig-koellner.de\/wp-content\/uploads\/2014\/01\/Reinigung11-150x150.jpg\" class=\"attachment-thumbnail size-thumbnail\" alt=\"Parkfl\u00e4chenreinigung\" aria-describedby=\"gallery-1-108\" \/><\/a>\n\t\t\t<\/dt>\n\t\t\t\t<dd class='wp-caption-text gallery-caption' id='gallery-1-108'>\n\t\t\t\tParkfl\u00e4chenreinigung\n\t\t\t\t<\/dd><\/dl><dl class='gallery-item'>\n\t\t\t<dt class='gallery-icon landscape'>\n\t\t\t\t<a href='https:\/\/innig-koellner.de\/?attachment_id=97'><img loading=\"lazy\" decoding=\"async\" width=\"150\" height=\"150\" src=\"https:\/\/innig-koellner.de\/wp-content\/uploads\/2014\/01\/Reinigung12-150x150.jpg\" class=\"attachment-thumbnail size-thumbnail\" alt=\"Parkfl\u00e4chenreinigung\" aria-describedby=\"gallery-1-97\" \/><\/a>\n\t\t\t<\/dt>\n\t\t\t\t<dd class='wp-caption-text gallery-caption' id='gallery-1-97'>\n\t\t\t\tParkfl\u00e4chenreinigung\n\t\t\t\t<\/dd><\/dl><br style=\"clear: both\" \/><dl class='gallery-item'>\n\t\t\t<dt class='gallery-icon landscape'>\n\t\t\t\t<a href='https:\/\/innig-koellner.de\/?attachment_id=243'><img loading=\"lazy\" decoding=\"async\" width=\"150\" height=\"150\" src=\"https:\/\/innig-koellner.de\/wp-content\/uploads\/2014\/01\/01.1_Kalkablagerungen-150x150.jpg\" class=\"attachment-thumbnail size-thumbnail\" alt=\"Kalkablagerungen\" aria-describedby=\"gallery-1-243\" \/><\/a>\n\t\t\t<\/dt>\n\t\t\t\t<dd class='wp-caption-text gallery-caption' id='gallery-1-243'>\n\t\t\t\tKalkablagerungen\n\t\t\t\t<\/dd><\/dl><dl class='gallery-item'>\n\t\t\t<dt class='gallery-icon landscape'>\n\t\t\t\t<a href='https:\/\/innig-koellner.de\/?attachment_id=244'><img loading=\"lazy\" decoding=\"async\" width=\"150\" height=\"150\" src=\"https:\/\/innig-koellner.de\/wp-content\/uploads\/2014\/01\/01.2_Kalkablagerungen_entfernt-150x150.jpg\" class=\"attachment-thumbnail size-thumbnail\" alt=\"Kalkablagerungen entfernt\" aria-describedby=\"gallery-1-244\" \/><\/a>\n\t\t\t<\/dt>\n\t\t\t\t<dd class='wp-caption-text gallery-caption' id='gallery-1-244'>\n\t\t\t\tKalkablagerungen entfernt\n\t\t\t\t<\/dd><\/dl><dl class='gallery-item'>\n\t\t\t<dt class='gallery-icon landscape'>\n\t\t\t\t<a href='https:\/\/innig-koellner.de\/?attachment_id=245'><img loading=\"lazy\" decoding=\"async\" width=\"150\" height=\"150\" src=\"https:\/\/innig-koellner.de\/wp-content\/uploads\/2014\/01\/01.3-150x150.jpg\" class=\"attachment-thumbnail size-thumbnail\" alt=\"Equipment\" aria-describedby=\"gallery-1-245\" \/><\/a>\n\t\t\t<\/dt>\n\t\t\t\t<dd class='wp-caption-text gallery-caption' id='gallery-1-245'>\n\t\t\t\tEquipment \n\t\t\t\t<\/dd><\/dl><br style=\"clear: both\" \/><dl class='gallery-item'>\n\t\t\t<dt class='gallery-icon landscape'>\n\t\t\t\t<a href='https:\/\/innig-koellner.de\/?attachment_id=246'><img loading=\"lazy\" decoding=\"async\" width=\"150\" height=\"150\" src=\"https:\/\/innig-koellner.de\/wp-content\/uploads\/2014\/01\/01.4-Equipment-ausladen-150x150.jpg\" class=\"attachment-thumbnail size-thumbnail\" alt=\"Equipment ausladen\" aria-describedby=\"gallery-1-246\" \/><\/a>\n\t\t\t<\/dt>\n\t\t\t\t<dd class='wp-caption-text gallery-caption' id='gallery-1-246'>\n\t\t\t\tEquipment ausladen\n\t\t\t\t<\/dd><\/dl><dl class='gallery-item'>\n\t\t\t<dt class='gallery-icon landscape'>\n\t\t\t\t<a href='https:\/\/innig-koellner.de\/?attachment_id=247'><img loading=\"lazy\" decoding=\"async\" width=\"150\" height=\"150\" src=\"https:\/\/innig-koellner.de\/wp-content\/uploads\/2014\/01\/01_Klinker_vorher-150x150.jpg\" class=\"attachment-thumbnail size-thumbnail\" alt=\"Klinker vorher\" aria-describedby=\"gallery-1-247\" \/><\/a>\n\t\t\t<\/dt>\n\t\t\t\t<dd class='wp-caption-text gallery-caption' id='gallery-1-247'>\n\t\t\t\tKlinker vorher\n\t\t\t\t<\/dd><\/dl><dl class='gallery-item'>\n\t\t\t<dt class='gallery-icon landscape'>\n\t\t\t\t<a href='https:\/\/innig-koellner.de\/?attachment_id=248'><img loading=\"lazy\" decoding=\"async\" width=\"150\" height=\"150\" src=\"https:\/\/innig-koellner.de\/wp-content\/uploads\/2014\/01\/02_Klinker_nachher-150x150.jpg\" class=\"attachment-thumbnail size-thumbnail\" alt=\"Klinker nachher\" aria-describedby=\"gallery-1-248\" \/><\/a>\n\t\t\t<\/dt>\n\t\t\t\t<dd class='wp-caption-text gallery-caption' id='gallery-1-248'>\n\t\t\t\tKlinker nachher\n\t\t\t\t<\/dd><\/dl><br style=\"clear: both\" \/><dl class='gallery-item'>\n\t\t\t<dt class='gallery-icon landscape'>\n\t\t\t\t<a href='https:\/\/innig-koellner.de\/?attachment_id=249'><img loading=\"lazy\" decoding=\"async\" width=\"150\" height=\"150\" src=\"https:\/\/innig-koellner.de\/wp-content\/uploads\/2014\/01\/03-Innenraum_voher-150x150.jpg\" class=\"attachment-thumbnail size-thumbnail\" alt=\"Innenraum voher\" aria-describedby=\"gallery-1-249\" \/><\/a>\n\t\t\t<\/dt>\n\t\t\t\t<dd class='wp-caption-text gallery-caption' id='gallery-1-249'>\n\t\t\t\tInnenraum voher\n\t\t\t\t<\/dd><\/dl><dl class='gallery-item'>\n\t\t\t<dt class='gallery-icon landscape'>\n\t\t\t\t<a href='https:\/\/innig-koellner.de\/?attachment_id=250'><img loading=\"lazy\" decoding=\"async\" width=\"150\" height=\"150\" src=\"https:\/\/innig-koellner.de\/wp-content\/uploads\/2014\/01\/04-Innenraum_nachher-150x150.jpg\" class=\"attachment-thumbnail size-thumbnail\" alt=\"Innenraum nachher\" aria-describedby=\"gallery-1-250\" \/><\/a>\n\t\t\t<\/dt>\n\t\t\t\t<dd class='wp-caption-text gallery-caption' id='gallery-1-250'>\n\t\t\t\tInnenraum nachher\n\t\t\t\t<\/dd><\/dl><dl class='gallery-item'>\n\t\t\t<dt class='gallery-icon portrait'>\n\t\t\t\t<a href='https:\/\/innig-koellner.de\/?attachment_id=251'><img loading=\"lazy\" decoding=\"async\" width=\"150\" height=\"150\" src=\"https:\/\/innig-koellner.de\/wp-content\/uploads\/2014\/01\/IMG_0503-150x150.jpg\" class=\"attachment-thumbnail size-thumbnail\" alt=\"Hubsteiger\" aria-describedby=\"gallery-1-251\" \/><\/a>\n\t\t\t<\/dt>\n\t\t\t\t<dd class='wp-caption-text gallery-caption' id='gallery-1-251'>\n\t\t\t\tHubsteiger\n\t\t\t\t<\/dd><\/dl><br style=\"clear: both\" \/><dl class='gallery-item'>\n\t\t\t<dt class='gallery-icon landscape'>\n\t\t\t\t<a href='https:\/\/innig-koellner.de\/?attachment_id=252'><img loading=\"lazy\" decoding=\"async\" width=\"150\" height=\"150\" src=\"https:\/\/innig-koellner.de\/wp-content\/uploads\/2014\/01\/IMG_8940-150x150.jpg\" class=\"attachment-thumbnail size-thumbnail\" alt=\"Hubsteiger\" aria-describedby=\"gallery-1-252\" \/><\/a>\n\t\t\t<\/dt>\n\t\t\t\t<dd class='wp-caption-text gallery-caption' id='gallery-1-252'>\n\t\t\t\tHubsteiger\n\t\t\t\t<\/dd><\/dl><dl class='gallery-item'>\n\t\t\t<dt class='gallery-icon landscape'>\n\t\t\t\t<a href='https:\/\/innig-koellner.de\/?attachment_id=253'><img loading=\"lazy\" decoding=\"async\" width=\"150\" height=\"150\" src=\"https:\/\/innig-koellner.de\/wp-content\/uploads\/2014\/01\/IMG_9100-150x150.jpg\" class=\"attachment-thumbnail size-thumbnail\" alt=\"Probefl\u00e4che\" aria-describedby=\"gallery-1-253\" \/><\/a>\n\t\t\t<\/dt>\n\t\t\t\t<dd class='wp-caption-text gallery-caption' id='gallery-1-253'>\n\t\t\t\tProbefl\u00e4che\n\t\t\t\t<\/dd><\/dl><dl class='gallery-item'>\n\t\t\t<dt class='gallery-icon landscape'>\n\t\t\t\t<a href='https:\/\/innig-koellner.de\/?attachment_id=242'><img loading=\"lazy\" decoding=\"async\" width=\"150\" height=\"150\" src=\"https:\/\/innig-koellner.de\/wp-content\/uploads\/2014\/01\/Probefl\u00e4che-150x150.jpg\" class=\"attachment-thumbnail size-thumbnail\" alt=\"Probefl\u00e4che\" aria-describedby=\"gallery-1-242\" \/><\/a>\n\t\t\t<\/dt>\n\t\t\t\t<dd class='wp-caption-text gallery-caption' id='gallery-1-242'>\n\t\t\t\tProbefl\u00e4che\n\t\t\t\t<\/dd><\/dl><br style=\"clear: both\" \/><dl class='gallery-item'>\n\t\t\t<dt class='gallery-icon landscape'>\n\t\t\t\t<a href='https:\/\/innig-koellner.de\/?attachment_id=254'><img loading=\"lazy\" decoding=\"async\" width=\"150\" height=\"150\" src=\"https:\/\/innig-koellner.de\/wp-content\/uploads\/2014\/01\/IMG_9106-150x150.jpg\" class=\"attachment-thumbnail size-thumbnail\" alt=\"Probefl\u00e4che\" aria-describedby=\"gallery-1-254\" \/><\/a>\n\t\t\t<\/dt>\n\t\t\t\t<dd class='wp-caption-text gallery-caption' id='gallery-1-254'>\n\t\t\t\tProbefl\u00e4che\n\t\t\t\t<\/dd><\/dl><dl class='gallery-item'>\n\t\t\t<dt class='gallery-icon portrait'>\n\t\t\t\t<a href='https:\/\/innig-koellner.de\/?attachment_id=255'><img loading=\"lazy\" decoding=\"async\" width=\"150\" height=\"150\" src=\"https:\/\/innig-koellner.de\/wp-content\/uploads\/2014\/01\/IMG_9793-150x150.jpg\" class=\"attachment-thumbnail size-thumbnail\" alt=\"Hubsteiger\" aria-describedby=\"gallery-1-255\" \/><\/a>\n\t\t\t<\/dt>\n\t\t\t\t<dd class='wp-caption-text gallery-caption' id='gallery-1-255'>\n\t\t\t\tHubsteiger\n\t\t\t\t<\/dd><\/dl><dl class='gallery-item'>\n\t\t\t<dt class='gallery-icon portrait'>\n\t\t\t\t<a href='https:\/\/innig-koellner.de\/?attachment_id=256'><img loading=\"lazy\" decoding=\"async\" width=\"150\" height=\"150\" src=\"https:\/\/innig-koellner.de\/wp-content\/uploads\/2014\/01\/IMG_9985-150x150.jpg\" class=\"attachment-thumbnail size-thumbnail\" alt=\"Hubsteiger\" aria-describedby=\"gallery-1-256\" \/><\/a>\n\t\t\t<\/dt>\n\t\t\t\t<dd class='wp-caption-text gallery-caption' id='gallery-1-256'>\n\t\t\t\tHubsteiger\n\t\t\t\t<\/dd><\/dl><br style=\"clear: both\" \/><dl class='gallery-item'>\n\t\t\t<dt class='gallery-icon portrait'>\n\t\t\t\t<a href='https:\/\/innig-koellner.de\/?attachment_id=257'><img loading=\"lazy\" decoding=\"async\" width=\"150\" height=\"150\" src=\"https:\/\/innig-koellner.de\/wp-content\/uploads\/2014\/01\/Mikro-Sandstrahlger\u00e4t-150x150.jpg\" class=\"attachment-thumbnail size-thumbnail\" alt=\"Mikro-Sandstrahlger\u00e4t\" aria-describedby=\"gallery-1-257\" \/><\/a>\n\t\t\t<\/dt>\n\t\t\t\t<dd class='wp-caption-text gallery-caption' id='gallery-1-257'>\n\t\t\t\tMikro-Sandstrahlger\u00e4t\n\t\t\t\t<\/dd><\/dl><dl class='gallery-item'>\n\t\t\t<dt class='gallery-icon landscape'>\n\t\t\t\t<a href='https:\/\/innig-koellner.de\/?attachment_id=263'><img loading=\"lazy\" decoding=\"async\" width=\"150\" height=\"150\" src=\"https:\/\/innig-koellner.de\/wp-content\/uploads\/2014\/01\/01_Fl\u00e4chenreinigung-150x150.jpg\" class=\"attachment-thumbnail size-thumbnail\" alt=\"Fl\u00e4chenreinigung\" aria-describedby=\"gallery-1-263\" \/><\/a>\n\t\t\t<\/dt>\n\t\t\t\t<dd class='wp-caption-text gallery-caption' id='gallery-1-263'>\n\t\t\t\tFl\u00e4chenreinigung\n\t\t\t\t<\/dd><\/dl><dl class='gallery-item'>\n\t\t\t<dt class='gallery-icon landscape'>\n\t\t\t\t<a href='https:\/\/innig-koellner.de\/?attachment_id=264'><img loading=\"lazy\" decoding=\"async\" width=\"150\" height=\"150\" src=\"https:\/\/innig-koellner.de\/wp-content\/uploads\/2014\/01\/02_Fl\u00e4chenreinigung-150x150.jpg\" class=\"attachment-thumbnail size-thumbnail\" alt=\"Fl\u00e4chenreinigung\" aria-describedby=\"gallery-1-264\" \/><\/a>\n\t\t\t<\/dt>\n\t\t\t\t<dd class='wp-caption-text gallery-caption' id='gallery-1-264'>\n\t\t\t\tFl\u00e4chenreinigung\n\t\t\t\t<\/dd><\/dl><br style=\"clear: both\" \/><dl class='gallery-item'>\n\t\t\t<dt class='gallery-icon landscape'>\n\t\t\t\t<a href='https:\/\/innig-koellner.de\/?attachment_id=259'><img loading=\"lazy\" decoding=\"async\" width=\"150\" height=\"150\" src=\"https:\/\/innig-koellner.de\/wp-content\/uploads\/2014\/01\/angelegte-Probefl\u00e4che-150x150.jpg\" class=\"attachment-thumbnail size-thumbnail\" alt=\"angelegte Probefl\u00e4che\" aria-describedby=\"gallery-1-259\" \/><\/a>\n\t\t\t<\/dt>\n\t\t\t\t<dd class='wp-caption-text gallery-caption' id='gallery-1-259'>\n\t\t\t\tangelegte Probefl\u00e4che\n\t\t\t\t<\/dd><\/dl><dl class='gallery-item'>\n\t\t\t<dt class='gallery-icon landscape'>\n\t\t\t\t<a href='https:\/\/innig-koellner.de\/?attachment_id=260'><img loading=\"lazy\" decoding=\"async\" width=\"150\" height=\"150\" src=\"https:\/\/innig-koellner.de\/wp-content\/uploads\/2014\/01\/Bsp.-Fl\u00e4chenreinigung-150x150.jpg\" class=\"attachment-thumbnail size-thumbnail\" alt=\"Fl\u00e4chenreinigung\" aria-describedby=\"gallery-1-260\" \/><\/a>\n\t\t\t<\/dt>\n\t\t\t\t<dd class='wp-caption-text gallery-caption' id='gallery-1-260'>\n\t\t\t\tFl\u00e4chenreinigung\n\t\t\t\t<\/dd><\/dl><dl class='gallery-item'>\n\t\t\t<dt class='gallery-icon landscape'>\n\t\t\t\t<a href='https:\/\/innig-koellner.de\/?attachment_id=261'><img loading=\"lazy\" decoding=\"async\" width=\"150\" height=\"150\" src=\"https:\/\/innig-koellner.de\/wp-content\/uploads\/2014\/01\/Bsp.-Fl\u00e4chenreinigung2-150x150.jpg\" class=\"attachment-thumbnail size-thumbnail\" alt=\"Fl\u00e4chenreinigung\" aria-describedby=\"gallery-1-261\" \/><\/a>\n\t\t\t<\/dt>\n\t\t\t\t<dd class='wp-caption-text gallery-caption' id='gallery-1-261'>\n\t\t\t\tFl\u00e4chenreinigung\n\t\t\t\t<\/dd><\/dl><br style=\"clear: both\" \/><dl class='gallery-item'>\n\t\t\t<dt class='gallery-icon landscape'>\n\t\t\t\t<a href='https:\/\/innig-koellner.de\/?attachment_id=262'><img loading=\"lazy\" decoding=\"async\" width=\"150\" height=\"150\" src=\"https:\/\/innig-koellner.de\/wp-content\/uploads\/2014\/01\/Bsp.-Fl\u00e4chenreinigung3-150x150.jpg\" class=\"attachment-thumbnail size-thumbnail\" alt=\"Fl\u00e4chenreinigung\" aria-describedby=\"gallery-1-262\" \/><\/a>\n\t\t\t<\/dt>\n\t\t\t\t<dd class='wp-caption-text gallery-caption' id='gallery-1-262'>\n\t\t\t\tFl\u00e4chenreinigung\n\t\t\t\t<\/dd><\/dl>\n\t\t\t<br style='clear: both' \/>\n\t\t<\/div>\n\n<p style=\"text-align: center;\">\nFliesenverlegung &#8211; Altbausanierung &#8211; Fassadenreinigung &#8211; Graffitientfernung &#8211; Hausverwaltung<\/p>\n","protected":false},"excerpt":{"rendered":"<p>Ist die Fassade Ihres Eigentums verwittert, mit Graffiti beschmiert oder auf andere Weise verunreinigt? Dank unserers Mikro-Sandstrahlverfahrens sieht Ihre Fassade innerhalb k\u00fcrzester Zeit wieder fast wie neu aus und das (&hellip;) <a href=\"https:\/\/innig-koellner.de\/?page_id=45\">Weiterlesen<\/a><\/p>\n","protected":false},"author":1,"featured_media":0,"parent":0,"menu_order":4,"comment_status":"closed","ping_status":"closed","template":"page-templates\/left-sidebar.php","meta":{"footnotes":""},"class_list":["post-45","page","type-page","status-publish","hentry"],"_links":{"self":[{"href":"https:\/\/innig-koellner.de\/index.php?rest_route=\/wp\/v2\/pages\/45","targetHints":{"allow":["GET"]}}],"collection":[{"href":"https:\/\/innig-koellner.de\/index.php?rest_route=\/wp\/v2\/pages"}],"about":[{"href":"https:\/\/innig-koellner.de\/index.php?rest_route=\/wp\/v2\/types\/page"}],"author":[{"embeddable":true,"href":"https:\/\/innig-koellner.de\/index.php?rest_route=\/wp\/v2\/users\/1"}],"replies":[{"embeddable":true,"href":"https:\/\/innig-koellner.de\/index.php?rest_route=%2Fwp%2Fv2%2Fcomments&post=45"}],"version-history":[{"count":73,"href":"https:\/\/innig-koellner.de\/index.php?rest_route=\/wp\/v2\/pages\/45\/revisions"}],"predecessor-version":[{"id":453,"href":"https:\/\/innig-koellner.de\/index.php?rest_route=\/wp\/v2\/pages\/45\/revisions\/453"}],"wp:attachment":[{"href":"https:\/\/innig-koellner.de\/index.php?rest_route=%2Fwp%2Fv2%2Fmedia&parent=45"}],"curies":[{"name":"wp","href":"https:\/\/api.w.org\/{rel}","templated":true}]}}