{"id":43,"date":"2014-01-30T08:13:44","date_gmt":"2014-01-30T08:13:44","guid":{"rendered":"https:\/\/innig-koellner.de\/?page_id=43"},"modified":"2014-08-07T17:22:26","modified_gmt":"2014-08-07T17:22:26","slug":"altbausanierung-renovierung","status":"publish","type":"page","link":"https:\/\/innig-koellner.de\/?page_id=43","title":{"rendered":"Altbausanierung &#038; -renovierung"},"content":{"rendered":"<p>Wir organisieren die Sanierung oder Renovierung Ihres Eigentums. Als gelernte Fliesenleger k\u00fcmmern wir uns selbstverst\u00e4ndlich eigenh\u00e4ndig um diesen arbeitsintensiven und komplexen Bereich &#8211;<br \/>\nalle anderen Arbeiten lassen wir sach- und fachgerecht von unseren erfahrenen Kooperationspartnern ausf\u00fchren und \u00fcbernehmen dabei gerne f\u00fcr Sie die Koordination bzw. Bauaufsicht, um Ihnen anschlie\u00dfend ein professionelles Ergebniss pr\u00e4sentieren zu k\u00f6nnen.<\/p>\n\r\n<div class='gallery'><dl class='gallery-item'>\n\t\t\t<dt class='gallery-icon landscape'>\n\t\t\t\t<a href='https:\/\/innig-koellner.de\/?attachment_id=87'><img loading=\"lazy\" decoding=\"async\" width=\"150\" height=\"150\" src=\"https:\/\/innig-koellner.de\/wp-content\/uploads\/2014\/01\/Sanierung01-150x150.jpg\" class=\"attachment-thumbnail size-thumbnail\" alt=\"Altbausanierung\" aria-describedby=\"gallery-1-87\" \/><\/a>\n\t\t\t<\/dt>\n\t\t\t\t<dd class='wp-caption-text gallery-caption' id='gallery-1-87'>\n\t\t\t\tAltbausanierung\n\t\t\t\t<\/dd><\/dl><dl class='gallery-item'>\n\t\t\t<dt class='gallery-icon landscape'>\n\t\t\t\t<a href='https:\/\/innig-koellner.de\/?attachment_id=88'><img loading=\"lazy\" decoding=\"async\" width=\"150\" height=\"150\" src=\"https:\/\/innig-koellner.de\/wp-content\/uploads\/2014\/01\/Sanierung02-150x150.jpg\" class=\"attachment-thumbnail size-thumbnail\" alt=\"Altbausanierung\" aria-describedby=\"gallery-1-88\" \/><\/a>\n\t\t\t<\/dt>\n\t\t\t\t<dd class='wp-caption-text gallery-caption' id='gallery-1-88'>\n\t\t\t\tAltbausanierung\n\t\t\t\t<\/dd><\/dl><dl class='gallery-item'>\n\t\t\t<dt class='gallery-icon landscape'>\n\t\t\t\t<a href='https:\/\/innig-koellner.de\/?attachment_id=89'><img loading=\"lazy\" decoding=\"async\" width=\"150\" height=\"150\" src=\"https:\/\/innig-koellner.de\/wp-content\/uploads\/2014\/01\/Sanierung03-150x150.jpg\" class=\"attachment-thumbnail size-thumbnail\" alt=\"Altbausanierung\" aria-describedby=\"gallery-1-89\" \/><\/a>\n\t\t\t<\/dt>\n\t\t\t\t<dd class='wp-caption-text gallery-caption' id='gallery-1-89'>\n\t\t\t\tAltbausanierung\n\t\t\t\t<\/dd><\/dl><br style=\"clear: both\" \/><dl class='gallery-item'>\n\t\t\t<dt class='gallery-icon landscape'>\n\t\t\t\t<a href='https:\/\/innig-koellner.de\/?attachment_id=90'><img loading=\"lazy\" decoding=\"async\" width=\"150\" height=\"150\" src=\"https:\/\/innig-koellner.de\/wp-content\/uploads\/2014\/01\/Sanierung04-150x150.jpg\" class=\"attachment-thumbnail size-thumbnail\" alt=\"Garage mit...\" aria-describedby=\"gallery-1-90\" \/><\/a>\n\t\t\t<\/dt>\n\t\t\t\t<dd class='wp-caption-text gallery-caption' id='gallery-1-90'>\n\t\t\t\tGarage mit&#8230;\n\t\t\t\t<\/dd><\/dl><dl class='gallery-item'>\n\t\t\t<dt class='gallery-icon landscape'>\n\t\t\t\t<a href='https:\/\/innig-koellner.de\/?attachment_id=91'><img loading=\"lazy\" decoding=\"async\" width=\"150\" height=\"150\" src=\"https:\/\/innig-koellner.de\/wp-content\/uploads\/2014\/01\/Sanierung05-150x150.jpg\" class=\"attachment-thumbnail size-thumbnail\" alt=\"...Wediplatten und...\" aria-describedby=\"gallery-1-91\" \/><\/a>\n\t\t\t<\/dt>\n\t\t\t\t<dd class='wp-caption-text gallery-caption' id='gallery-1-91'>\n\t\t\t\t&#8230;Wediplatten und&#8230;\n\t\t\t\t<\/dd><\/dl><dl class='gallery-item'>\n\t\t\t<dt class='gallery-icon landscape'>\n\t\t\t\t<a href='https:\/\/innig-koellner.de\/?attachment_id=92'><img loading=\"lazy\" decoding=\"async\" width=\"150\" height=\"150\" src=\"https:\/\/innig-koellner.de\/wp-content\/uploads\/2014\/01\/Sanierung06-150x150.jpg\" class=\"attachment-thumbnail size-thumbnail\" alt=\"...Bundsteinputz verkleiden.\" aria-describedby=\"gallery-1-92\" \/><\/a>\n\t\t\t<\/dt>\n\t\t\t\t<dd class='wp-caption-text gallery-caption' id='gallery-1-92'>\n\t\t\t\t&#8230;Bundsteinputz verkleiden.\n\t\t\t\t<\/dd><\/dl><br style=\"clear: both\" \/><dl class='gallery-item'>\n\t\t\t<dt class='gallery-icon landscape'>\n\t\t\t\t<a href='https:\/\/innig-koellner.de\/?attachment_id=86'><img loading=\"lazy\" decoding=\"async\" width=\"150\" height=\"150\" src=\"https:\/\/innig-koellner.de\/wp-content\/uploads\/2014\/01\/Sanierung07-150x150.jpg\" class=\"attachment-thumbnail size-thumbnail\" alt=\"Garage mit Bundsteinputz\" aria-describedby=\"gallery-1-86\" \/><\/a>\n\t\t\t<\/dt>\n\t\t\t\t<dd class='wp-caption-text gallery-caption' id='gallery-1-86'>\n\t\t\t\tGarage mit Bundsteinputz\n\t\t\t\t<\/dd><\/dl><dl class='gallery-item'>\n\t\t\t<dt class='gallery-icon portrait'>\n\t\t\t\t<a href='https:\/\/innig-koellner.de\/?attachment_id=196'><img loading=\"lazy\" decoding=\"async\" width=\"150\" height=\"150\" src=\"https:\/\/innig-koellner.de\/wp-content\/uploads\/2014\/01\/Dusche-vorher-150x150.jpg\" class=\"attachment-thumbnail size-thumbnail\" alt=\"Dusche vorher\" aria-describedby=\"gallery-1-196\" \/><\/a>\n\t\t\t<\/dt>\n\t\t\t\t<dd class='wp-caption-text gallery-caption' id='gallery-1-196'>\n\t\t\t\tDusche vorher\n\t\t\t\t<\/dd><\/dl><dl class='gallery-item'>\n\t\t\t<dt class='gallery-icon portrait'>\n\t\t\t\t<a href='https:\/\/innig-koellner.de\/?attachment_id=195'><img loading=\"lazy\" decoding=\"async\" width=\"150\" height=\"150\" src=\"https:\/\/innig-koellner.de\/wp-content\/uploads\/2014\/01\/Dusche-nachher-150x150.jpg\" class=\"attachment-thumbnail size-thumbnail\" alt=\"Dusche nachher\" aria-describedby=\"gallery-1-195\" \/><\/a>\n\t\t\t<\/dt>\n\t\t\t\t<dd class='wp-caption-text gallery-caption' id='gallery-1-195'>\n\t\t\t\tDusche nachher\n\t\t\t\t<\/dd><\/dl><br style=\"clear: both\" \/><dl class='gallery-item'>\n\t\t\t<dt class='gallery-icon portrait'>\n\t\t\t\t<a href='https:\/\/innig-koellner.de\/?attachment_id=198'><img loading=\"lazy\" decoding=\"async\" width=\"150\" height=\"150\" src=\"https:\/\/innig-koellner.de\/wp-content\/uploads\/2014\/01\/WC-vorher-150x150.jpg\" class=\"attachment-thumbnail size-thumbnail\" alt=\"WC vorher\" aria-describedby=\"gallery-1-198\" \/><\/a>\n\t\t\t<\/dt>\n\t\t\t\t<dd class='wp-caption-text gallery-caption' id='gallery-1-198'>\n\t\t\t\tWC vorher\n\t\t\t\t<\/dd><\/dl><dl class='gallery-item'>\n\t\t\t<dt class='gallery-icon portrait'>\n\t\t\t\t<a href='https:\/\/innig-koellner.de\/?attachment_id=197'><img loading=\"lazy\" decoding=\"async\" width=\"150\" height=\"150\" src=\"https:\/\/innig-koellner.de\/wp-content\/uploads\/2014\/01\/WC-nachher-150x150.jpg\" class=\"attachment-thumbnail size-thumbnail\" alt=\"WC nachher\" aria-describedby=\"gallery-1-197\" \/><\/a>\n\t\t\t<\/dt>\n\t\t\t\t<dd class='wp-caption-text gallery-caption' id='gallery-1-197'>\n\t\t\t\tWC nachher\n\t\t\t\t<\/dd><\/dl>\n\t\t\t<br style='clear: both' \/>\n\t\t<\/div>\n\n<p style=\"text-align: center;\">\nFliesenverlegung &#8211; Altbausanierung &#8211; Fassadenreinigung &#8211; Graffitientfernung &#8211; Hausverwaltung<\/p>\n","protected":false},"excerpt":{"rendered":"<p>Wir organisieren die Sanierung oder Renovierung Ihres Eigentums. Als gelernte Fliesenleger k\u00fcmmern wir uns selbstverst\u00e4ndlich eigenh\u00e4ndig um diesen arbeitsintensiven und komplexen Bereich &#8211; alle anderen Arbeiten lassen wir sach- und (&hellip;) <a href=\"https:\/\/innig-koellner.de\/?page_id=43\">Weiterlesen<\/a><\/p>\n","protected":false},"author":1,"featured_media":0,"parent":0,"menu_order":3,"comment_status":"closed","ping_status":"closed","template":"page-templates\/left-sidebar.php","meta":{"footnotes":""},"class_list":["post-43","page","type-page","status-publish","hentry"],"_links":{"self":[{"href":"https:\/\/innig-koellner.de\/index.php?rest_route=\/wp\/v2\/pages\/43","targetHints":{"allow":["GET"]}}],"collection":[{"href":"https:\/\/innig-koellner.de\/index.php?rest_route=\/wp\/v2\/pages"}],"about":[{"href":"https:\/\/innig-koellner.de\/index.php?rest_route=\/wp\/v2\/types\/page"}],"author":[{"embeddable":true,"href":"https:\/\/innig-koellner.de\/index.php?rest_route=\/wp\/v2\/users\/1"}],"replies":[{"embeddable":true,"href":"https:\/\/innig-koellner.de\/index.php?rest_route=%2Fwp%2Fv2%2Fcomments&post=43"}],"version-history":[{"count":16,"href":"https:\/\/innig-koellner.de\/index.php?rest_route=\/wp\/v2\/pages\/43\/revisions"}],"predecessor-version":[{"id":516,"href":"https:\/\/innig-koellner.de\/index.php?rest_route=\/wp\/v2\/pages\/43\/revisions\/516"}],"wp:attachment":[{"href":"https:\/\/innig-koellner.de\/index.php?rest_route=%2Fwp%2Fv2%2Fmedia&parent=43"}],"curies":[{"name":"wp","href":"https:\/\/api.w.org\/{rel}","templated":true}]}}