{"id":41,"date":"2014-01-30T08:12:18","date_gmt":"2014-01-30T08:12:18","guid":{"rendered":"https:\/\/innig-koellner.de\/?page_id=41"},"modified":"2018-05-21T18:58:39","modified_gmt":"2018-05-21T18:58:39","slug":"hausverwaltung","status":"publish","type":"page","link":"https:\/\/innig-koellner.de\/?page_id=41","title":{"rendered":"Hausverwaltung"},"content":{"rendered":"<div class=\"two-columns-one\">\n<h2>Die kaufm\u00e4nnische Hausverwaltung umfasst :<\/h2>\n<ul>\n<li>Einrichtung und Verwaltung eines separaten Hauskontos<\/li>\n<li>\u00dcberwachung und Abwicklung der Hausgeldzahlung<\/li>\n<li>Zinsg\u00fcnstige Anlage angesparter Hausgeldzahlungen und R\u00fccklagen<\/li>\n<li>Erstellen der Jahresabrechnung<\/li>\n<li>Erstellen des Wirtschaftsplans<\/li>\n<li>Durchf\u00fchrung der Jahreshauptversammlung und Erstellung des Protokolls f\u00fcr jeden Eigent\u00fcmer<\/li>\n<\/ul>\n<\/div>\n<div class=\"two-columns-one last\">\n<h2>Die technische Hausverwaltung umfasst :<\/h2>\n<ul>\n<li>Regelm\u00e4\u00dfige Kontrolle der Anlage<\/li>\n<li>Organisation und Betreuung von Bau- und Sanierungsma\u00dfnahmen<\/li>\n<li>Veranlassung und Abnahme von Reparaturen<\/li>\n<li>Abwicklung von Versicherungsf\u00e4llen<\/li>\n<li>Aufstellen und Kontrolle der Hausordnung<\/li>\n<li>Organisation von Hausdiensten<\/li>\n<\/ul>\n<\/div>\n<div class=\"divider\"><\/div>\n<h2>Zus\u00e4tzliche Leistung :<\/h2>\n<p>Kleinere Arbeiten und Reparaturen k\u00f6nnen nach Absprache durch uns g\u00fcnstig und ohne Fremdfirmen erledigt werden. Hierf\u00fcr berechnen wir einen Stundensatz von 34,50 \u20ac zzgl. der ges. MwSt.<\/p>\n\r\n<div class='gallery'><dl class='gallery-item'>\n\t\t\t<dt class='gallery-icon landscape'>\n\t\t\t\t<a href='https:\/\/innig-koellner.de\/?attachment_id=238'><img loading=\"lazy\" decoding=\"async\" width=\"150\" height=\"150\" src=\"https:\/\/innig-koellner.de\/wp-content\/uploads\/2014\/01\/Haldenstra\u00dfe-150x150.png\" class=\"attachment-thumbnail size-thumbnail\" alt=\"Hausverwaltung Haldenstra\u00dfe\" aria-describedby=\"gallery-1-238\" \/><\/a>\n\t\t\t<\/dt>\n\t\t\t\t<dd class='wp-caption-text gallery-caption' id='gallery-1-238'>\n\t\t\t\tHausverwaltung Haldenstra\u00dfe\n\t\t\t\t<\/dd><\/dl><dl class='gallery-item'>\n\t\t\t<dt class='gallery-icon landscape'>\n\t\t\t\t<a href='https:\/\/innig-koellner.de\/?attachment_id=234'><img loading=\"lazy\" decoding=\"async\" width=\"150\" height=\"150\" src=\"https:\/\/innig-koellner.de\/wp-content\/uploads\/2014\/01\/Hochstra\u00dfe-150x150.png\" class=\"attachment-thumbnail size-thumbnail\" alt=\"Hausverwaltung Hochstra\u00dfe\" aria-describedby=\"gallery-1-234\" \/><\/a>\n\t\t\t<\/dt>\n\t\t\t\t<dd class='wp-caption-text gallery-caption' id='gallery-1-234'>\n\t\t\t\tHausverwaltung Hochstra\u00dfe\n\t\t\t\t<\/dd><\/dl><dl class='gallery-item'>\n\t\t\t<dt class='gallery-icon landscape'>\n\t\t\t\t<a href='https:\/\/innig-koellner.de\/?attachment_id=235'><img loading=\"lazy\" decoding=\"async\" width=\"150\" height=\"150\" src=\"https:\/\/innig-koellner.de\/wp-content\/uploads\/2014\/01\/Steinstra\u00dfe-150x150.jpg\" class=\"attachment-thumbnail size-thumbnail\" alt=\"Hausverwaltung Steinstra\u00dfe\" aria-describedby=\"gallery-1-235\" \/><\/a>\n\t\t\t<\/dt>\n\t\t\t\t<dd class='wp-caption-text gallery-caption' id='gallery-1-235'>\n\t\t\t\tHausverwaltung Steinstra\u00dfe\n\t\t\t\t<\/dd><\/dl><br style=\"clear: both\" \/><dl class='gallery-item'>\n\t\t\t<dt class='gallery-icon landscape'>\n\t\t\t\t<a href='https:\/\/innig-koellner.de\/?attachment_id=237'><img loading=\"lazy\" decoding=\"async\" width=\"150\" height=\"150\" src=\"https:\/\/innig-koellner.de\/wp-content\/uploads\/2014\/01\/Tauschlagstra\u00dfe_-150x150.png\" class=\"attachment-thumbnail size-thumbnail\" alt=\"Hausverwaltung Tauschlagstra\u00dfe\" aria-describedby=\"gallery-1-237\" \/><\/a>\n\t\t\t<\/dt>\n\t\t\t\t<dd class='wp-caption-text gallery-caption' id='gallery-1-237'>\n\t\t\t\tHausverwaltung Tauschlagstra\u00dfe\n\t\t\t\t<\/dd><\/dl><dl class='gallery-item'>\n\t\t\t<dt class='gallery-icon landscape'>\n\t\t\t\t<a href='https:\/\/innig-koellner.de\/?attachment_id=236'><img loading=\"lazy\" decoding=\"async\" width=\"150\" height=\"150\" src=\"https:\/\/innig-koellner.de\/wp-content\/uploads\/2014\/01\/Tauschlagstra\u00dfe-150x150.png\" class=\"attachment-thumbnail size-thumbnail\" alt=\"Hausverwaltung Tauschlagstra\u00dfe\" aria-describedby=\"gallery-1-236\" \/><\/a>\n\t\t\t<\/dt>\n\t\t\t\t<dd class='wp-caption-text gallery-caption' id='gallery-1-236'>\n\t\t\t\tHausverwaltung Tauschlagstra\u00dfe\n\t\t\t\t<\/dd><\/dl>\n\t\t\t<br style='clear: both' \/>\n\t\t<\/div>\n\n<p style=\"text-align: center;\">Fliesenverlegung &#8211; Altbausanierung &#8211; Fassadenreinigung &#8211; Graffitientfernung &#8211; Hausverwaltung<\/p>\n","protected":false},"excerpt":{"rendered":"<p>Zus\u00e4tzliche Leistung : Kleinere Arbeiten und Reparaturen k\u00f6nnen nach Absprache durch uns g\u00fcnstig und ohne Fremdfirmen erledigt werden. Hierf\u00fcr berechnen wir einen Stundensatz von 34,50 \u20ac zzgl. der ges. MwSt. (&hellip;) <a href=\"https:\/\/innig-koellner.de\/?page_id=41\">Weiterlesen<\/a><\/p>\n","protected":false},"author":1,"featured_media":0,"parent":0,"menu_order":2,"comment_status":"closed","ping_status":"closed","template":"page-templates\/left-sidebar.php","meta":{"footnotes":""},"class_list":["post-41","page","type-page","status-publish","hentry"],"_links":{"self":[{"href":"https:\/\/innig-koellner.de\/index.php?rest_route=\/wp\/v2\/pages\/41","targetHints":{"allow":["GET"]}}],"collection":[{"href":"https:\/\/innig-koellner.de\/index.php?rest_route=\/wp\/v2\/pages"}],"about":[{"href":"https:\/\/innig-koellner.de\/index.php?rest_route=\/wp\/v2\/types\/page"}],"author":[{"embeddable":true,"href":"https:\/\/innig-koellner.de\/index.php?rest_route=\/wp\/v2\/users\/1"}],"replies":[{"embeddable":true,"href":"https:\/\/innig-koellner.de\/index.php?rest_route=%2Fwp%2Fv2%2Fcomments&post=41"}],"version-history":[{"count":21,"href":"https:\/\/innig-koellner.de\/index.php?rest_route=\/wp\/v2\/pages\/41\/revisions"}],"predecessor-version":[{"id":466,"href":"https:\/\/innig-koellner.de\/index.php?rest_route=\/wp\/v2\/pages\/41\/revisions\/466"}],"wp:attachment":[{"href":"https:\/\/innig-koellner.de\/index.php?rest_route=%2Fwp%2Fv2%2Fmedia&parent=41"}],"curies":[{"name":"wp","href":"https:\/\/api.w.org\/{rel}","templated":true}]}}