{"id":10,"date":"2014-01-29T15:05:56","date_gmt":"2014-01-29T15:05:56","guid":{"rendered":"https:\/\/innig-koellner.de\/?page_id=10"},"modified":"2021-09-29T08:00:26","modified_gmt":"2021-09-29T08:00:26","slug":"10-2","status":"publish","type":"page","link":"https:\/\/innig-koellner.de\/","title":{"rendered":""},"content":{"rendered":"<p><img loading=\"lazy\" decoding=\"async\" class=\"alignnone wp-image-216 size-full\" src=\"https:\/\/innig-koellner.de\/wp-content\/uploads\/2014\/04\/home.png\" alt=\"Fliesenverlegung, Altbausanierung &amp; Renovierung, Hausverwaltung, Fassaden- &amp; Oberfl\u00e4chenreinigung und Graffiti-Entfernung\" width=\"901\" height=\"357\" srcset=\"https:\/\/innig-koellner.de\/wp-content\/uploads\/2014\/04\/home.png 901w, https:\/\/innig-koellner.de\/wp-content\/uploads\/2014\/04\/home-300x118.png 300w\" sizes=\"auto, (max-width: 901px) 100vw, 901px\" \/><\/p>\n<h2>Herzlich Willkommen auf unserer Homepage !<\/h2>\n<p><strong>Kurz zu uns:<\/strong><br \/>\n<img loading=\"lazy\" decoding=\"async\" class=\"alignright wp-image-217 size-full\" src=\"https:\/\/innig-koellner.de\/wp-content\/uploads\/2014\/04\/Auto+Haenger_Home-e1396879157200.jpg\" alt=\"Innig-K\u00f6llner Fliesen-Meisterbetrieb\" width=\"640\" height=\"241\" \/><\/p>\n<ul>\n<li>1963: Gr\u00fcndung des Fliesenfachbetriebes durch Fliesenlegemeister Werner Innig.<\/li>\n<li>1993: Sohn R\u00fcdiger Innig legt die Meisterpr\u00fcfung im Fliesenhandwerk ab und steigt in den elterlichen Betrieb ein.<\/li>\n<li>2000: Erweiterung des Gesch\u00e4ftsfeldes um Trockenbau und Maurerarbeiten in der <a title=\"Altbausanierung\/ -Renovierung\" href=\"https:\/\/innig-koellner.de\/altbausanierung-renovierung\/\">Altbausanierung<\/a>.<\/li>\n<li>2004: R\u00fcdiger Innig \u00fcbernimmt den elterlichen Betrieb vollst\u00e4ndig.<\/li>\n<li>2008: Das neue Gesch\u00e4ftsfeld \u201eSchl\u00fcsselfertige Altbausanierung\u201c entsteht.<\/li>\n<li>2008: R\u00fcdiger Innig und Brigitte K\u00f6llner gr\u00fcnden eine <a title=\"Hausverwaltung\" href=\"https:\/\/innig-koellner.de\/hausverwaltung\/\">Hausverwaltung<\/a> mit Hausmeisterservice.<\/li>\n<li>2011: Marcel K\u00f6llner wird Partner der Firma, die sich ab diesem Zeitpunkt Innig-K\u00f6llner GbR genannt wird. Von nun an leiten beide gemeinsam die Firma.<\/li>\n<li>Durch die Partnerschaft wurde das Gesch\u00e4ftsfeld durch <a title=\"Fassadenreinigung\/ Oberfl\u00e4chenreinigung\" href=\"https:\/\/innig-koellner.de\/fassadenreinigung\/\">Oberfl\u00e4chenreinigung<\/a>, <a title=\"Graffiti-Entfernung\" href=\"https:\/\/innig-koellner.de\/graffiti-entfernung\/\">Graffitientfernung<\/a> und Sandstrahlarbeiten erweitert.<\/li>\n<li>2013: Marcel K\u00f6llner \u00fcbernimmt die Anteile seiner Frau Brigtte an der Hausverwaltung.<\/li>\n<li>\n<div class=\"\">2018: Marcel K\u00f6llner hat einen Lehrgang zum Brandschutzbeauftragten besucht, und \u00fcbernimmt ab sofort Arbeiten zum Thema Brandschutz.<\/div>\n<\/li>\n<li>2020: R\u00fcdiger Innig verstirbt pl\u00f6tzlich im Oktober.<\/li>\n<li>2020: Marcel K\u00f6llner \u00fcbernimmt die Firma Innig-K\u00f6llner Gbr unter dem Namen Innig-K\u00f6llner ab dem 01.11.2020.<\/li>\n<\/ul>\n<p style=\"text-align: center;\"><span style=\"color: #336699;\">Fliesenverlegung &#8211; Altbausanierung &#8211; Fassadenreinigung &#8211; Graffitientfernung &#8211; Hausverwaltung &#8211; Malerarbeiten &#8211; Baulicher Brandschutz<\/span><\/p>\n","protected":false},"excerpt":{"rendered":"<p>Herzlich Willkommen auf unserer Homepage ! Kurz zu uns: 1963: Gr\u00fcndung des Fliesenfachbetriebes durch Fliesenlegemeister Werner Innig. 1993: Sohn R\u00fcdiger Innig legt die Meisterpr\u00fcfung im Fliesenhandwerk ab und steigt in (&hellip;) <a href=\"https:\/\/innig-koellner.de\/\">Weiterlesen<\/a><\/p>\n","protected":false},"author":1,"featured_media":0,"parent":0,"menu_order":0,"comment_status":"closed","ping_status":"closed","template":"page-templates\/left-sidebar.php","meta":{"footnotes":""},"class_list":["post-10","page","type-page","status-publish","hentry"],"_links":{"self":[{"href":"https:\/\/innig-koellner.de\/index.php?rest_route=\/wp\/v2\/pages\/10","targetHints":{"allow":["GET"]}}],"collection":[{"href":"https:\/\/innig-koellner.de\/index.php?rest_route=\/wp\/v2\/pages"}],"about":[{"href":"https:\/\/innig-koellner.de\/index.php?rest_route=\/wp\/v2\/types\/page"}],"author":[{"embeddable":true,"href":"https:\/\/innig-koellner.de\/index.php?rest_route=\/wp\/v2\/users\/1"}],"replies":[{"embeddable":true,"href":"https:\/\/innig-koellner.de\/index.php?rest_route=%2Fwp%2Fv2%2Fcomments&post=10"}],"version-history":[{"count":49,"href":"https:\/\/innig-koellner.de\/index.php?rest_route=\/wp\/v2\/pages\/10\/revisions"}],"predecessor-version":[{"id":511,"href":"https:\/\/innig-koellner.de\/index.php?rest_route=\/wp\/v2\/pages\/10\/revisions\/511"}],"wp:attachment":[{"href":"https:\/\/innig-koellner.de\/index.php?rest_route=%2Fwp%2Fv2%2Fmedia&parent=10"}],"curies":[{"name":"wp","href":"https:\/\/api.w.org\/{rel}","templated":true}]}}